{"id":597,"date":"2025-04-21T15:30:10","date_gmt":"2025-04-21T13:30:10","guid":{"rendered":"https:\/\/digibe.ch\/?page_id=597"},"modified":"2025-04-21T15:30:10","modified_gmt":"2025-04-21T13:30:10","slug":"standortbestimmung","status":"publish","type":"page","link":"https:\/\/digibe.ch\/index.php\/standortbestimmung\/","title":{"rendered":"STANDORTBESTIMMUNG"},"content":{"rendered":"\n<ul class=\"wp-block-list\">\n<li>Stand der Ausbildung.<\/li>\n\n\n\n<li>Mit welchen Themen sich Sch\u00fcler:in im Berufswahlprozess besch\u00e4ftigt.<\/li>\n\n\n\n<li>Aktuelle berufliche Interessen.<\/li>\n\n\n\n<li>Welche Ausbildung Sch\u00fcler:in Stand jetzt w\u00e4hlen w\u00fcrde. <\/li>\n<\/ul>\n\n\n\n<p><\/p>\n","protected":false},"excerpt":{"rendered":"","protected":false},"author":1,"featured_media":0,"parent":0,"menu_order":0,"comment_status":"closed","ping_status":"closed","template":"","meta":{"footnotes":""},"class_list":["post-597","page","type-page","status-publish","hentry"],"jetpack_sharing_enabled":true,"_links":{"self":[{"href":"https:\/\/digibe.ch\/index.php\/wp-json\/wp\/v2\/pages\/597","targetHints":{"allow":["GET"]}}],"collection":[{"href":"https:\/\/digibe.ch\/index.php\/wp-json\/wp\/v2\/pages"}],"about":[{"href":"https:\/\/digibe.ch\/index.php\/wp-json\/wp\/v2\/types\/page"}],"author":[{"embeddable":true,"href":"https:\/\/digibe.ch\/index.php\/wp-json\/wp\/v2\/users\/1"}],"replies":[{"embeddable":true,"href":"https:\/\/digibe.ch\/index.php\/wp-json\/wp\/v2\/comments?post=597"}],"version-history":[{"count":2,"href":"https:\/\/digibe.ch\/index.php\/wp-json\/wp\/v2\/pages\/597\/revisions"}],"predecessor-version":[{"id":599,"href":"https:\/\/digibe.ch\/index.php\/wp-json\/wp\/v2\/pages\/597\/revisions\/599"}],"wp:attachment":[{"href":"https:\/\/digibe.ch\/index.php\/wp-json\/wp\/v2\/media?parent=597"}],"curies":[{"name":"wp","href":"https:\/\/api.w.org\/{rel}","templated":true}]}}