{"id":576,"date":"2025-04-21T15:19:30","date_gmt":"2025-04-21T13:19:30","guid":{"rendered":"https:\/\/digibe.ch\/?page_id=576"},"modified":"2025-04-21T15:45:26","modified_gmt":"2025-04-21T13:45:26","slug":"bo-als-spiel","status":"publish","type":"page","link":"https:\/\/digibe.ch\/index.php\/bo-als-spiel\/","title":{"rendered":"BO ALS SPIEL"},"content":{"rendered":"<p><!-- Einf\u00fchrungstabelle mit Bild und Einstiegstext --><\/p>\n<table class=\"table table-hover\" style=\"width: 100%; border-collapse: collapse; background-color: #ffff99;\">\n<tbody>\n<tr>\n<td style=\"width: 30%;\"><a title=\"Zur Aufgabe\" href=\"https:\/\/v000583.fhnw.ch\/mod\/lti\/view.php?id=366\" target=\"_blank\" rel=\"noopener\"><\/p>\n<p><\/a><\/td>\n<td>Sch\u00fcler:innen sind begeistert von Spielen.Wie w\u00fcrde ein Berufswahlspiel aussehen? In dieser Aufgabe geht es darum zu \u00fcberlegen, was f\u00fcr ein Spieler:innen-Typ man selbst ist, welche Spiele man spielt und wie man ein Berufswahlspiel gestalten k\u00f6nnte.<\/p>\n<p>Um ein Spiel zu entwickeln, muss man sich intensiv mit dem Berufswahlprozess auseinandersetzen.<\/td>\n<\/tr>\n<\/tbody>\n<\/table>\n<h4>Reflexionsaufgaben<\/h4>\n<p><!-- Aufgabentabelle --><\/p>\n<table class=\"table table-hover\" style=\"width: 100%; border-collapse: collapse;\">\n<tbody>\n<tr>\n<td style=\"width: 30%;\"><strong>Bist du ein:e Gamer:in?<\/strong><\/td>\n<td>Hier k\u00f6nnen Sch\u00fcler:innen testen, ob sie Eigenschaften haben, die typisch f\u00fcr Gamer:innen sind. Wie gehen sie mit Hindernissen um? Haben sie ein Team um sich, auf das sie zur\u00fcckgreifen k\u00f6nnen? Wissen sie, wie sie ihre \u201eLeben\u201c wieder auff\u00fcllen k\u00f6nnen?<\/td>\n<\/tr>\n<tr>\n<td style=\"width: 30%;\"><strong>Was spielst du?<\/strong><\/td>\n<td>Sch\u00fcler:innen reflektieren, welche Spiele sie gerne spielen und warum. Sie analysieren, welche F\u00e4higkeiten sie dabei einsetzen. Anschliessend wird der Bezug zum Berufswahlprozess hergestellt: Welche dieser Skills k\u00f6nnen auch im zuk\u00fcnftigen Job n\u00fctzlich sein?Wie gehst du mit \u201eChallenges\u201c in Games um \u2013 und wie im echten Leben, z.\u202fB. bei der Berufswahl?<\/td>\n<\/tr>\n<tr>\n<td style=\"width: 30%;\"><strong>Berufswahl als Spiel?<\/strong><\/td>\n<td>Hier denken die Sch\u00fcler:innen den Berufswahlprozess als Spiel: Was ist das grosse Endziel? Wer ist ihre Held:innenfigur? Welche Herausforderungen gilt es zu meistern? Wie werden Punkte gesammelt?<\/td>\n<\/tr>\n<tr>\n<td style=\"width: 30%;\"><strong>Spiel designen<\/strong><\/td>\n<td>Nach dem Nachdenken \u00fcber das eigene Berufswahl-Spiel sollen die Sch\u00fcler:innen ein echtes Spiel zur Berufswahl entwerfen und Skizzen oder Prototypen per E-Mail einsenden.<\/td>\n<\/tr>\n<tr>\n<td style=\"width: 30%;\"><strong>Spiel dein Spiel<\/strong><\/td>\n<td>Mit einer App sollen die Sch\u00fcler:innen innerhalb einer Lektion ein Spiel entwickeln und direkt spielen k\u00f6nnen. Diese Aufgabe ist noch in Bearbeitung.<\/td>\n<\/tr>\n<\/tbody>\n<\/table>\n","protected":false},"excerpt":{"rendered":"<p>Sch\u00fcler:innen sind begeistert von Spielen.Wie w\u00fcrde ein Berufswahlspiel aussehen? In dieser Aufgabe geht es darum zu \u00fcberlegen, was f\u00fcr ein Spieler:innen-Typ man selbst ist, welche Spiele man spielt und wie man ein Berufswahlspiel gestalten k\u00f6nnte. Um ein Spiel zu entwickeln, muss man sich intensiv mit dem Berufswahlprozess auseinandersetzen. Reflexionsaufgaben Bist du ein:e Gamer:in? Hier k\u00f6nnen [&hellip;]<\/p>\n","protected":false},"author":1,"featured_media":0,"parent":0,"menu_order":0,"comment_status":"closed","ping_status":"closed","template":"","meta":{"footnotes":""},"class_list":["post-576","page","type-page","status-publish","hentry"],"jetpack_sharing_enabled":true,"_links":{"self":[{"href":"https:\/\/digibe.ch\/index.php\/wp-json\/wp\/v2\/pages\/576","targetHints":{"allow":["GET"]}}],"collection":[{"href":"https:\/\/digibe.ch\/index.php\/wp-json\/wp\/v2\/pages"}],"about":[{"href":"https:\/\/digibe.ch\/index.php\/wp-json\/wp\/v2\/types\/page"}],"author":[{"embeddable":true,"href":"https:\/\/digibe.ch\/index.php\/wp-json\/wp\/v2\/users\/1"}],"replies":[{"embeddable":true,"href":"https:\/\/digibe.ch\/index.php\/wp-json\/wp\/v2\/comments?post=576"}],"version-history":[{"count":3,"href":"https:\/\/digibe.ch\/index.php\/wp-json\/wp\/v2\/pages\/576\/revisions"}],"predecessor-version":[{"id":607,"href":"https:\/\/digibe.ch\/index.php\/wp-json\/wp\/v2\/pages\/576\/revisions\/607"}],"wp:attachment":[{"href":"https:\/\/digibe.ch\/index.php\/wp-json\/wp\/v2\/media?parent=576"}],"curies":[{"name":"wp","href":"https:\/\/api.w.org\/{rel}","templated":true}]}}