{"id":564,"date":"2025-04-21T15:20:28","date_gmt":"2025-04-21T13:20:28","guid":{"rendered":"https:\/\/digibe.ch\/?page_id=564"},"modified":"2025-04-21T15:46:10","modified_gmt":"2025-04-21T13:46:10","slug":"interessen","status":"publish","type":"page","link":"https:\/\/digibe.ch\/index.php\/interessen\/","title":{"rendered":"INTERESSEN"},"content":{"rendered":"<p><!-- Einf\u00fchrungstabelle mit Bild --><\/p>\n<table class=\"table table-hover\" style=\"width: 100%; border-collapse: collapse; background-color: #ffff99;\">\n<tbody>\n<tr>\n<td style=\"width: 30%;\"><a href=\"https:\/\/v000583.fhnw.ch\/mod\/lti\/view.php?id=366\" target=\"_blank\" rel=\"noopener\">\u00a0<\/a><\/td>\n<td>Die Sch\u00fcler:innen setzen sich mit den eigenen beruflichen Interessen auseinander.Interessenstests sind ein Standardinstrument im Berufswahlprozess. Viele Jugendliche haben sie bereits gemacht \u2013 aber helfen sie wirklich? Was ist, wenn man seine Interessen noch gar nicht kennt? Was sagen solche Tests \u00fcber die \u201ewahren\u201c Interessen aus?<\/td>\n<\/tr>\n<\/tbody>\n<\/table>\n<h4>Reflexionsaufgaben<\/h4>\n<p><!-- Aufgabentabelle --><\/p>\n<table class=\"table table-hover\" style=\"width: 100%; border-collapse: collapse;\">\n<tbody>\n<tr>\n<td style=\"width: 30%;\"><strong>Deine Interessen<\/strong><\/td>\n<td>Die Sch\u00fcler:innen bearbeiten zun\u00e4chst einen einfachen Interessen-Test: Sind sie eher an Dingen oder an Personen interessiert? Und was trauen sie sich zu?Sie notieren bis zu sechs berufliche Interessen \u2013 in eigenen Worten, alle Felder m\u00fcssen ausgef\u00fcllt sein.<\/p>\n<p>Anschliessend tragen sie ihren aktuellen \u201ePlan A\u201c und \u201ePlan B\u201c f\u00fcr die Berufswahl ein und pr\u00fcfen, wie ihre Interessen zu diesen Pl\u00e4nen passen. Dabei werden auch die Wichtigkeit der Interessen ber\u00fccksichtigt.<\/p>\n<p>Das Ergebnis wird in <em>digibe<\/em> berechnet \u2013 dauert manchmal einen Moment. Wird Plan A besser passen als Plan B?<\/td>\n<\/tr>\n<tr>\n<td style=\"width: 30%;\"><strong>Interessen-Test<\/strong><\/td>\n<td>Zuerst wird abgefragt, ob Sch\u00fcler:innen bereits Interessen-Tests kennen und gemacht haben.Dann verlinkt die Aufgabe auf zwei externe Tests:<\/p>\n<ul>\n<li><a href=\"https:\/\/www.biz.zh.ch\/internet\/bildungsdirektion\/biz\/de\/home\/beruf-weiterbildung\/interessen-kompetenzen\/interessen.html\" target=\"_blank\" rel=\"noopener\">Interessen-Test des biz Z\u00fcrich<\/a><\/li>\n<li><a href=\"https:\/\/www.berufsberatung.ch\/dyn\/show\/2957\" target=\"_blank\" rel=\"noopener\">Berufe-Explorer (SDBB)<\/a><\/li>\n<\/ul>\n<p>Die Ergebnisse werden in <em>digibe<\/em> dokumentiert und miteinander verglichen: Wo gibt es \u00dcbereinstimmungen? Wo Unterschiede?<\/p>\n<p><strong>Hinweis:<\/strong> Gerne nehmen wir weitere nicht-kommerzielle und datenschutzfreundliche Tests auf \u2013 melden Sie sich bei Interesse.<\/td>\n<\/tr>\n<tr>\n<td style=\"width: 30%;\"><strong>Interessiert an einem Studium<\/strong><\/td>\n<td>In dieser Aufgabe wird der Bogen zur Terti\u00e4rbildung gespannt \u2013 insbesondere f\u00fcr Sch\u00fcler:innen mit BMS oder gymnasialer Maturit\u00e4t.Verlinkt ist der Test <a href=\"https:\/\/www.was-studiere-ich.ch\" target=\"_blank\" rel=\"noopener\">was-studiere-ich.ch<\/a>. Das Ergebnis wird in <em>digibe<\/em> dokumentiert. Eine PIN erm\u00f6glicht den sp\u00e4teren Wiederzugriff auf den Test.<\/td>\n<\/tr>\n<\/tbody>\n<\/table>\n","protected":false},"excerpt":{"rendered":"<p>\u00a0 Die Sch\u00fcler:innen setzen sich mit den eigenen beruflichen Interessen auseinander.Interessenstests sind ein Standardinstrument im Berufswahlprozess. Viele Jugendliche haben sie bereits gemacht \u2013 aber helfen sie wirklich? Was ist, wenn man seine Interessen noch gar nicht kennt? Was sagen solche Tests \u00fcber die \u201ewahren\u201c Interessen aus? Reflexionsaufgaben Deine Interessen Die Sch\u00fcler:innen bearbeiten zun\u00e4chst einen einfachen [&hellip;]<\/p>\n","protected":false},"author":1,"featured_media":0,"parent":0,"menu_order":0,"comment_status":"closed","ping_status":"closed","template":"","meta":{"footnotes":""},"class_list":["post-564","page","type-page","status-publish","hentry"],"jetpack_sharing_enabled":true,"_links":{"self":[{"href":"https:\/\/digibe.ch\/index.php\/wp-json\/wp\/v2\/pages\/564","targetHints":{"allow":["GET"]}}],"collection":[{"href":"https:\/\/digibe.ch\/index.php\/wp-json\/wp\/v2\/pages"}],"about":[{"href":"https:\/\/digibe.ch\/index.php\/wp-json\/wp\/v2\/types\/page"}],"author":[{"embeddable":true,"href":"https:\/\/digibe.ch\/index.php\/wp-json\/wp\/v2\/users\/1"}],"replies":[{"embeddable":true,"href":"https:\/\/digibe.ch\/index.php\/wp-json\/wp\/v2\/comments?post=564"}],"version-history":[{"count":4,"href":"https:\/\/digibe.ch\/index.php\/wp-json\/wp\/v2\/pages\/564\/revisions"}],"predecessor-version":[{"id":610,"href":"https:\/\/digibe.ch\/index.php\/wp-json\/wp\/v2\/pages\/564\/revisions\/610"}],"wp:attachment":[{"href":"https:\/\/digibe.ch\/index.php\/wp-json\/wp\/v2\/media?parent=564"}],"curies":[{"name":"wp","href":"https:\/\/api.w.org\/{rel}","templated":true}]}}