{"id":552,"date":"2025-04-21T14:41:01","date_gmt":"2025-04-21T12:41:01","guid":{"rendered":"https:\/\/digibe.ch\/?page_id=552"},"modified":"2025-04-21T15:23:37","modified_gmt":"2025-04-21T13:23:37","slug":"digibe-kurz-erklart","status":"publish","type":"page","link":"https:\/\/digibe.ch\/index.php\/digibe-kurz-erklart\/","title":{"rendered":"Erkl\u00e4rt"},"content":{"rendered":"<table class=\"table table-hover\" style=\"width: 100%;\" width=\"100%\" rules=\"1px\" cellspacing=\"0\" cellpadding=\"0\">\n<thead><\/thead>\n<tbody>\n<tr>\n<td><\/td>\n<td>\n<ul>\n<li><a href=\"https:\/\/v000583.fhnw.ch\/mod\/lti\/view.php?id=366\" target=\"_blank\" rel=\"noopener\"><em>digibe<\/em><\/a> ist Teil eines <a href=\"https:\/\/www.sbfi.admin.ch\/sbfi\/de\/home\/bildung\/berufsbildungssteuerung-und--politik\/berufsbildungsforschung\/einzelprojekte\/berufs--und-studienwahl--studienberatung\/digitale-begleitung-im-berufswahlprozess.html\" target=\"_blank\" rel=\"noopener\">Forschungsprojekts<\/a> (Laufzeit 2021 &#8211; 2026).<\/li>\n<li>Kann nach Anmeldung in der Klasse genutzt werden.<\/li>\n<li>Kann frei genutzt werden, ohne Unterst\u00fctzung durch das Projektteam.<\/li>\n<\/ul>\n<\/td>\n<\/tr>\n<tr>\n<td><strong>Fokus Unterricht<\/strong><\/td>\n<td><strong>Lernziele<\/strong>Sch\u00fcler:innen \u2026<\/p>\n<ul>\n<li>entwickeln Karrierekompetenzen;<\/li>\n<li>lernen, ihre Berufs- und Ausbildungswahl gut zu begr\u00fcnden.<\/li>\n<\/ul>\n<p>Indem sie \u2026<\/p>\n<ul>\n<li>ihre eigene Berufswahl reflektieren;<\/li>\n<li>\u00fcber besondere Ereignisse im Berufswahlprozess nachdenken;<\/li>\n<li>an Aufgaben in <em>digibe<\/em> arbeiten.<\/li>\n<\/ul>\n<p>Die Sch\u00fcler:innen \u2026<\/p>\n<ul>\n<li>erhalten R\u00fcckmeldungen zur individuellen Reflexion\/Bearbeitung der Aufgaben;<\/li>\n<li>werden aufgefordert, ihre Reflexionen mit anderen Personen zu teilen und zu besprechen;<\/li>\n<li>k\u00f6nnen auf bisherige Ergebnissen und Reflexionen zugreifen.<\/li>\n<\/ul>\n<\/td>\n<\/tr>\n<tr>\n<td><strong>Online Tool<\/strong><\/td>\n<td>\n<ul>\n<li>Beschreibung eigener Erlebnisse als Ausgangspunkt der Reflexion.<\/li>\n<li>Sammlung von Aufgaben, die Reflexion \u00fcber Berufswahl anregen: PLANEN, DU UND DIE ANDEREN, INTERESSEN, ENTSCHEIDEN, ZUKUNFT, BERUFSWELT, BO NETZWERK, UNTERST\u00dcTZEN, BO ALS SPIEL<\/li>\n<li>Verweis auf externe Tools (Tests, Informationsseiten, usw.).<\/li>\n<\/ul>\n<\/td>\n<\/tr>\n<tr>\n<td><strong>Sch\u00fcler:in<\/strong><\/td>\n<td><strong><em>digibe<\/em> umgesetzt<\/strong><\/p>\n<ul>\n<li>Die Sch\u00fcler:innen werden regelm\u00e4ssig aufgefordert, sich in <em>digibe<\/em> zu begeben. Sie \u2026\n<ul>\n<li>melden sich bei <em>digibe<\/em> an und w\u00e4hlen eine Reflexionsaufgabe, entsprechend ihrem Stand des Berufswahlprozesses.<\/li>\n<li>bearbeiten Aufgaben zu ihrer Berufswahl, mit Fokus auf Reflexion und Entwicklung von Karrierekompetenzen.<\/li>\n<li>haben Zugriff auf das, was sie bisher gemacht haben. Die Feedbacks k\u00f6nnen sie drucken, ablegen oder per E-Mail versenden.<\/li>\n<li>erhalten eine gute schriftliche Grundlage f\u00fcr weiterf\u00fchrende Gespr\u00e4che \u2013<br \/>\nzum Beispiel mit Lehrer:innen, Eltern, Berufsberater:innen usw.<\/li>\n<\/ul>\n<\/li>\n<li>Passend zum Unterricht kann der:die Lehrer:in die Sch\u00fcler:innen auffordern, eine bestimmte Aufgabe zu bearbeiten.<\/li>\n<li>In einer Schulstunde k\u00f6nnen alle Sch\u00fcler:innen mit <em>digibe<\/em> arbeiten, oder auch nur einzelne Sch\u00fcler:innen. Es ist ein hoher Grad an Individualisierung m\u00f6glich.<\/li>\n<li>Die Ergebnisse der individuellen Arbeit mit <em>digibe<\/em> k\u00f6nnen auf unterschiedliche Arten in den Unterricht integriert werden, wie, z. B. in einem Blitzlicht, in Klassen- oder Gruppengespr\u00e4chen etc.<\/li>\n<\/ul>\n<\/td>\n<\/tr>\n<tr>\n<td><strong>Lehrer:in<\/strong><\/td>\n<td>\n<ul>\n<li>Die Sch\u00fcler:innen geben \u00fcber ihre individuelle Reflexion und Bearbeitung der Aufgaben Auskunft, im direkten Austausch oder durch Teilen der Feedbacks aus den Aufgaben.<\/li>\n<li><em>digibe<\/em> kann flexibel in den bestehenden Unterricht integriert werden.<\/li>\n<li>Es k\u00f6nnen neue Aufgaben in <em>digibe<\/em> hinzugef\u00fcgt werden.<\/li>\n<\/ul>\n<\/td>\n<\/tr>\n<tr>\n<td><strong>Forschung<\/strong><\/td>\n<td>Wir stellen <a href=\"https:\/\/v000583.fhnw.ch\/mod\/lti\/view.php?id=366\" target=\"_blank\" rel=\"noopener\"><em>digibe<\/em><\/a> den Schulen im Rahmen eines <a href=\"https:\/\/www.sbfi.admin.ch\/sbfi\/de\/home\/bildung\/berufsbildungssteuerung-und--politik\/berufsbildungsforschung\/einzelprojekte\/berufs--und-studienwahl--studienberatung\/digitale-begleitung-im-berufswahlprozess.html\" target=\"_blank\" rel=\"noopener\">Forschungsprojekts<\/a> zur Verf\u00fcgung.Wie wirkt sich die individuelle Arbeit an den Aufgaben in <em>digibe<\/em> auf die F\u00e4higkeit zur Reflexion und den Verlauf des Berufswahlprozesses aus? Wie ver\u00e4ndert sich das Denken \u00fcber die Berufswahl?<\/p>\n<ul>\n<li style=\"list-style-type: none;\">\n<ul>\n<li>Wie h\u00e4ngt dies zusammen mit der Einbettung in den Unterricht, der H\u00e4ufigkeit der Arbeit in <em>digibe<\/em>, der Bereitschaft, sich darauf einzulassen, \u00fcber die eigene berufliche Laufbahn nachzudenken?<\/li>\n<li>Wie k\u00f6nnen alle Sch\u00fcler:innen erreicht werden (Sprache, schulische Leistung, etc.)?<\/li>\n<\/ul>\n<\/li>\n<\/ul>\n<div>\n<div><\/div>\n<\/div>\n<\/td>\n<\/tr>\n<\/tbody>\n<\/table>\n","protected":false},"excerpt":{"rendered":"<p>digibe ist Teil eines Forschungsprojekts (Laufzeit 2021 &#8211; 2026). Kann nach Anmeldung in der Klasse genutzt werden. Kann frei genutzt werden, ohne Unterst\u00fctzung durch das Projektteam. Fokus Unterricht LernzieleSch\u00fcler:innen \u2026 entwickeln Karrierekompetenzen; lernen, ihre Berufs- und Ausbildungswahl gut zu begr\u00fcnden. Indem sie \u2026 ihre eigene Berufswahl reflektieren; \u00fcber besondere Ereignisse im Berufswahlprozess nachdenken; an Aufgaben [&hellip;]<\/p>\n","protected":false},"author":1,"featured_media":0,"parent":0,"menu_order":0,"comment_status":"closed","ping_status":"closed","template":"","meta":{"footnotes":""},"class_list":["post-552","page","type-page","status-publish","hentry"],"jetpack_sharing_enabled":true,"_links":{"self":[{"href":"https:\/\/digibe.ch\/index.php\/wp-json\/wp\/v2\/pages\/552","targetHints":{"allow":["GET"]}}],"collection":[{"href":"https:\/\/digibe.ch\/index.php\/wp-json\/wp\/v2\/pages"}],"about":[{"href":"https:\/\/digibe.ch\/index.php\/wp-json\/wp\/v2\/types\/page"}],"author":[{"embeddable":true,"href":"https:\/\/digibe.ch\/index.php\/wp-json\/wp\/v2\/users\/1"}],"replies":[{"embeddable":true,"href":"https:\/\/digibe.ch\/index.php\/wp-json\/wp\/v2\/comments?post=552"}],"version-history":[{"count":2,"href":"https:\/\/digibe.ch\/index.php\/wp-json\/wp\/v2\/pages\/552\/revisions"}],"predecessor-version":[{"id":594,"href":"https:\/\/digibe.ch\/index.php\/wp-json\/wp\/v2\/pages\/552\/revisions\/594"}],"wp:attachment":[{"href":"https:\/\/digibe.ch\/index.php\/wp-json\/wp\/v2\/media?parent=552"}],"curies":[{"name":"wp","href":"https:\/\/api.w.org\/{rel}","templated":true}]}}