{"id":543,"date":"2025-03-25T07:42:53","date_gmt":"2025-03-25T06:42:53","guid":{"rendered":"https:\/\/digibe.ch\/?page_id=543"},"modified":"2025-09-03T13:58:48","modified_gmt":"2025-09-03T11:58:48","slug":"publikationen","status":"publish","type":"page","link":"https:\/\/digibe.ch\/index.php\/publikationen\/","title":{"rendered":"Publikationen"},"content":{"rendered":"\n<p>www.digibe.ch ist ein Forschungsprojekt.<\/p>\n\n\n\n<p><\/p>\n\n\n\n<p><\/p>\n\n\n\n<p>Hoffelner, C., N\u00e4gele, C., &amp; D\u00fcggeli, A. (2025). Play for the future: A cross-sectional study on the role of video game skills in student career planning. <em>Simulation &amp; Gaming<\/em>, 10468781251328894. <a href=\"https:\/\/doi.org\/10.1177\/10468781251328894\">https:\/\/doi.org\/10.1177\/10468781251328894<\/a><\/p>\n\n\n\n<p>Hoffelner, C., D\u00fcggeli, A., &amp; N\u00e4gele, C. (under review). Unlocking hidden resources: The role of gaming skills in fostering career adaptability for resilience in the career planning of young people.<br><br>H\u00e4nni, N., Hell, B., P\u00e4ssler, K., &amp; N\u00e4gele, C. (under review). Berufliche Interessen Jugendlicher: Eine Analyse offener Interessen\u00e4u\u00dferungen [Vocational Interests of youth: An analysis of openly expressed interests].<\/p>\n\n\n\n<p>N\u00e4gele, C., Stalder, B. E., &amp; H\u00e4nni, N. (2023). <em>Finding the way into VET \u2013 career education<\/em>. Zenodo. <a href=\"https:\/\/zenodo.org\/record\/8209167\">https:\/\/zenodo.org\/record\/8209167<\/a><\/p>\n\n\n\n<p>N\u00e4gele, C., Stalder, B. E., Hoffelner, C., &amp; D\u00fcggeli, A. (2022). Irritations in the career choice process and transformative learning. In C. N\u00e4gele, N. Kersh, &amp; B. E. Stalder (Eds.), <em>Trends in vocational education and training research, Vol. V. Proceedings of the European Conference on Educational Research (ECER), Vocational Education and Training Network (VETNET)<\/em> (pp. 142\u2013149). <a href=\"https:\/\/zenodo.org\/record\/6977532\">https:\/\/zenodo.org\/record\/6977532<\/a><\/p>\n\n\n\n<p>N\u00e4gele, C., Stalder, B. E., Hell, B., D\u00fcggeli, A., Hoffelner, C., P\u00e4ssler, K., Mitrovic, T., &amp; H\u00e4nni, N. (2021). <em>Skalendokumentation www.digibe.ch, Zwischenbefragungen<\/em>. PH FHNW, PHBern &amp; APS FHNW. <a href=\"https:\/\/doi.org\/10.5281\/zenodo.17045444\">https:\/\/doi.org\/10.5281\/zenodo.17045444 <\/a><\/p>\n\n\n\n<p>N\u00e4gele, C., Stalder, B. E., Hell, B., Hoffelner, C., &amp; P\u00e4ssler, K. (2025). <em>Reflexionsaufgaben in www.digibe.ch<\/em> [Reflection tasks in www.digibe.ch]. PH FHNW, PH Bern, APS FHNW. <a href=\"https:\/\/doi.org\/10.5281\/zenodo.17044370\">https:\/\/doi.org\/10.5281\/zenodo.17044370  <\/a><\/p>\n\n\n\n<p>N\u00e4gele, C., Stalder, B. E., Hell, B., Hoffelner, C., &amp; P\u00e4ssler, K. (2025). <em>Skalendokumentation <\/em><br><em>www.digibe.ch, Basisbefragung<\/em> [Scale documentation www.digibe.ch, baseline survey]. PH FHNW, PH<br>Bern, APS FHNW. <a href=\"https:\/\/doi.org\/10.5281\/zenodo.17045444\">https:\/\/doi.org\/10.5281\/zenodo.17045444 <\/a><\/p>\n\n\n\n<p>N\u00e4gele, C., Stalder, B. E., Hell, B., &amp; D\u00fcggeli, A. (2020). <em>Digitale Begleitung im Berufswahlprozess digibe<\/em>. PH FHNW, PHBern &amp; APS FHNW. <a href=\"https:\/\/doi.org\/10.5281\/zenodo.14012465\">https:\/\/doi.org\/10.5281\/zenodo.14012465<\/a><br><br><\/p>\n","protected":false},"excerpt":{"rendered":"<p>www.digibe.ch ist ein Forschungsprojekt. Hoffelner, C., N\u00e4gele, C., &amp; D\u00fcggeli, A. (2025). Play for the future: A cross-sectional study on the role of video game skills in student career planning. Simulation &amp; Gaming, 10468781251328894. https:\/\/doi.org\/10.1177\/10468781251328894 Hoffelner, C., D\u00fcggeli, A., &amp; N\u00e4gele, C. (under review). Unlocking hidden resources: The role of gaming skills in fostering career [&hellip;]<\/p>\n","protected":false},"author":1,"featured_media":0,"parent":0,"menu_order":0,"comment_status":"closed","ping_status":"closed","template":"","meta":{"footnotes":""},"class_list":["post-543","page","type-page","status-publish","hentry"],"jetpack_sharing_enabled":true,"_links":{"self":[{"href":"https:\/\/digibe.ch\/index.php\/wp-json\/wp\/v2\/pages\/543","targetHints":{"allow":["GET"]}}],"collection":[{"href":"https:\/\/digibe.ch\/index.php\/wp-json\/wp\/v2\/pages"}],"about":[{"href":"https:\/\/digibe.ch\/index.php\/wp-json\/wp\/v2\/types\/page"}],"author":[{"embeddable":true,"href":"https:\/\/digibe.ch\/index.php\/wp-json\/wp\/v2\/users\/1"}],"replies":[{"embeddable":true,"href":"https:\/\/digibe.ch\/index.php\/wp-json\/wp\/v2\/comments?post=543"}],"version-history":[{"count":13,"href":"https:\/\/digibe.ch\/index.php\/wp-json\/wp\/v2\/pages\/543\/revisions"}],"predecessor-version":[{"id":631,"href":"https:\/\/digibe.ch\/index.php\/wp-json\/wp\/v2\/pages\/543\/revisions\/631"}],"wp:attachment":[{"href":"https:\/\/digibe.ch\/index.php\/wp-json\/wp\/v2\/media?parent=543"}],"curies":[{"name":"wp","href":"https:\/\/api.w.org\/{rel}","templated":true}]}}