{"id":5,"date":"2021-01-05T17:45:58","date_gmt":"2021-01-05T17:45:58","guid":{"rendered":"https:\/\/web0.fhnw.ch\/digibe\/?page_id=5"},"modified":"2025-06-08T07:55:18","modified_gmt":"2025-06-08T05:55:18","slug":"create-your-website-with-blocks","status":"publish","type":"page","link":"https:\/\/digibe.ch\/","title":{"rendered":"Berufswahl: Was soll ich werden?"},"content":{"rendered":"\n<p class=\"has-vivid-green-cyan-color has-text-color has-link-color wp-elements-5a0a2d8dd09bf23f96b269d377e893b0\"><strong>Schulen und Lehrer:innen sind eingeladen, <br>die Reflexionsaufgaben aus <a href=\"http:\/\/www.digibe.ch\">www.digibe.ch<\/a> zu nutzen.<\/strong><\/p>\n\n\n\n<ul class=\"wp-block-list\">\n<li>Sie setzen sich mit <a href=\"mailto:christof.naegele@fhnw.ch\">christof.naegele@fhnw.ch<\/a> in Verbindung und wir stellen Ihnen die Log-ins f\u00fcr Ihre Sch\u00fcler:innen zur Verf\u00fcgung. <\/li>\n<\/ul>\n\n\n\n<p class=\"has-vivid-green-cyan-color has-text-color has-link-color wp-elements-c22381deb43d039fd4704caed7e9e40a\"><strong>Die Feldphase des Forschungsprojekts ist abgeschlossen. <\/strong><\/p>\n\n\n\n<p>Reflexive F\u00e4higkeiten sind im Berufswahlprozess zentral. Sie helfen, unterschiedliche Eindr\u00fccke zu verarbeiten, Ziele zu entwickeln und Entscheidungen vorzubereiten. Das ist in der heutigen Berufswelt, die durch tiefgreifende technologische oder sozio\u00f6konomische Entwicklungen gepr\u00e4gt ist, wichtiger denn je. Doch oft fehlen im schulischen Alltag die Zeit und die Ressourcen, um alle Sch\u00fclerinnen und Sch\u00fcler genau dort zu unterst\u00fctzen, wo sie in ihrem Berufswahlprozess stehen.<br>Hier hilft das Online-Tool <a href=\"http:\/\/www.digibe.ch\">www.digibe.ch<\/a>. Digital und individuell k\u00f6nnen die Sch\u00fclerinnen und Sch\u00fcler selbst entscheiden, wo sie Unterst\u00fctzung ben\u00f6tigen, und ihre Reflexionsf\u00e4higkeit selbstst\u00e4ndig entwickeln. Dies unterst\u00fctzt und entlastet auch die Lehrer:innen. <em><a href=\"http:\/\/www.digibe.ch\">www.digibe.ch<\/a><\/em> kann nahtlos in den Unterricht in Berufsorientierung integriert werden. Das Ziel ist, damit auch ihre Kompetenzen in der Berufswahl und zur Laufbahnplanung zu entwickeln und insgesamt transformative Lernprozesse zu f\u00f6rdern. So erlangen Sch\u00fcler:innen neue und erweiterte Perspektiven auf die Berufs- und Ausbildungswelt.<\/p>\n\n\n\n<h2 class=\"wp-block-heading\">Projektpartner<\/h2>\n\n\n\n<div class=\"wp-block-columns is-layout-flex wp-container-core-columns-is-layout-9d6595d7 wp-block-columns-is-layout-flex\">\n<div class=\"wp-block-column is-layout-flow wp-block-column-is-layout-flow\"><div class=\"wp-block-image wp-block-image aligncenter size-large is-resized\">\n<figure ><img data-recalc-dims=\"1\" loading=\"lazy\" decoding=\"async\" width=\"640\" height=\"99\" src=\"https:\/\/i0.wp.com\/web0.fhnw.ch\/digibe\/wp-content\/uploads\/2021\/03\/fhnw_ph_10mm-1024x159.jpg?resize=640%2C99&#038;ssl=1\" alt=\"\" class=\"wp-image-49\" srcset=\"https:\/\/i0.wp.com\/digibe.ch\/wp-content\/uploads\/2021\/03\/fhnw_ph_10mm.jpg?resize=1024%2C159&amp;ssl=1 1024w, https:\/\/i0.wp.com\/digibe.ch\/wp-content\/uploads\/2021\/03\/fhnw_ph_10mm.jpg?resize=300%2C46&amp;ssl=1 300w, https:\/\/i0.wp.com\/digibe.ch\/wp-content\/uploads\/2021\/03\/fhnw_ph_10mm.jpg?resize=768%2C119&amp;ssl=1 768w, https:\/\/i0.wp.com\/digibe.ch\/wp-content\/uploads\/2021\/03\/fhnw_ph_10mm.jpg?resize=1536%2C238&amp;ssl=1 1536w, https:\/\/i0.wp.com\/digibe.ch\/wp-content\/uploads\/2021\/03\/fhnw_ph_10mm.jpg?resize=2048%2C317&amp;ssl=1 2048w, https:\/\/i0.wp.com\/digibe.ch\/wp-content\/uploads\/2021\/03\/fhnw_ph_10mm.jpg?resize=1200%2C186&amp;ssl=1 1200w, https:\/\/i0.wp.com\/digibe.ch\/wp-content\/uploads\/2021\/03\/fhnw_ph_10mm.jpg?resize=1980%2C307&amp;ssl=1 1980w, https:\/\/i0.wp.com\/digibe.ch\/wp-content\/uploads\/2021\/03\/fhnw_ph_10mm.jpg?w=1280&amp;ssl=1 1280w, https:\/\/i0.wp.com\/digibe.ch\/wp-content\/uploads\/2021\/03\/fhnw_ph_10mm.jpg?w=1920&amp;ssl=1 1920w\" sizes=\"auto, (max-width: 640px) 100vw, 640px\" \/><\/figure>\n<\/div><\/div>\n\n\n\n<div class=\"wp-block-column is-layout-flow wp-block-column-is-layout-flow\"><div class=\"wp-block-image\">\n<figure class=\"aligncenter size-large\"><img data-recalc-dims=\"1\" loading=\"lazy\" decoding=\"async\" width=\"640\" height=\"87\" src=\"https:\/\/i0.wp.com\/web0.fhnw.ch\/digibe\/wp-content\/uploads\/2021\/03\/fhnw_aps_10mm-1024x139.jpg?resize=640%2C87&#038;ssl=1\" alt=\"\" class=\"wp-image-48\" srcset=\"https:\/\/i0.wp.com\/digibe.ch\/wp-content\/uploads\/2021\/03\/fhnw_aps_10mm-scaled.jpg?resize=1024%2C139&amp;ssl=1 1024w, https:\/\/i0.wp.com\/digibe.ch\/wp-content\/uploads\/2021\/03\/fhnw_aps_10mm-scaled.jpg?resize=300%2C41&amp;ssl=1 300w, https:\/\/i0.wp.com\/digibe.ch\/wp-content\/uploads\/2021\/03\/fhnw_aps_10mm-scaled.jpg?resize=768%2C105&amp;ssl=1 768w, https:\/\/i0.wp.com\/digibe.ch\/wp-content\/uploads\/2021\/03\/fhnw_aps_10mm-scaled.jpg?resize=1536%2C209&amp;ssl=1 1536w, https:\/\/i0.wp.com\/digibe.ch\/wp-content\/uploads\/2021\/03\/fhnw_aps_10mm-scaled.jpg?resize=2048%2C279&amp;ssl=1 2048w, https:\/\/i0.wp.com\/digibe.ch\/wp-content\/uploads\/2021\/03\/fhnw_aps_10mm-scaled.jpg?resize=1200%2C163&amp;ssl=1 1200w, https:\/\/i0.wp.com\/digibe.ch\/wp-content\/uploads\/2021\/03\/fhnw_aps_10mm-scaled.jpg?resize=1980%2C270&amp;ssl=1 1980w, https:\/\/i0.wp.com\/digibe.ch\/wp-content\/uploads\/2021\/03\/fhnw_aps_10mm-scaled.jpg?w=1280&amp;ssl=1 1280w, https:\/\/i0.wp.com\/digibe.ch\/wp-content\/uploads\/2021\/03\/fhnw_aps_10mm-scaled.jpg?w=1920&amp;ssl=1 1920w\" sizes=\"auto, (max-width: 640px) 100vw, 640px\" \/><\/figure>\n<\/div><\/div>\n\n\n\n<div class=\"wp-block-column is-layout-flow wp-block-column-is-layout-flow\"><div class=\"wp-block-image wp-block-image aligncenter size-large is-resized\">\n<figure ><img data-recalc-dims=\"1\" loading=\"lazy\" decoding=\"async\" width=\"640\" height=\"149\" src=\"https:\/\/i0.wp.com\/web0.fhnw.ch\/digibe\/wp-content\/uploads\/2021\/03\/Logo_PH_Bern.png?resize=640%2C149&#038;ssl=1\" alt=\"\" class=\"wp-image-50\" srcset=\"https:\/\/i0.wp.com\/digibe.ch\/wp-content\/uploads\/2021\/03\/Logo_PH_Bern.png?w=791&amp;ssl=1 791w, https:\/\/i0.wp.com\/digibe.ch\/wp-content\/uploads\/2021\/03\/Logo_PH_Bern.png?resize=300%2C70&amp;ssl=1 300w, https:\/\/i0.wp.com\/digibe.ch\/wp-content\/uploads\/2021\/03\/Logo_PH_Bern.png?resize=768%2C179&amp;ssl=1 768w\" sizes=\"auto, (max-width: 640px) 100vw, 640px\" \/><\/figure>\n<\/div><\/div>\n<\/div>\n\n\n\n<h2 class=\"wp-block-heading\">Projektunterst\u00fctzung<\/h2>\n\n\n\n<div class=\"wp-block-columns is-layout-flex wp-container-core-columns-is-layout-9d6595d7 wp-block-columns-is-layout-flex\">\n<div class=\"wp-block-column is-layout-flow wp-block-column-is-layout-flow\">\n<figure class=\"wp-block-image size-large\"><img data-recalc-dims=\"1\" loading=\"lazy\" decoding=\"async\" width=\"640\" height=\"330\" src=\"https:\/\/i0.wp.com\/web0.fhnw.ch\/digibe\/wp-content\/uploads\/2021\/03\/WBF_SBFI_D_RGB_pos_hoch.jpg?resize=640%2C330&#038;ssl=1\" alt=\"\" class=\"wp-image-74\" srcset=\"https:\/\/i0.wp.com\/digibe.ch\/wp-content\/uploads\/2021\/03\/WBF_SBFI_D_RGB_pos_hoch.jpg?w=741&amp;ssl=1 741w, https:\/\/i0.wp.com\/digibe.ch\/wp-content\/uploads\/2021\/03\/WBF_SBFI_D_RGB_pos_hoch.jpg?resize=300%2C155&amp;ssl=1 300w\" sizes=\"auto, (max-width: 640px) 100vw, 640px\" \/><\/figure>\n<\/div>\n\n\n\n<div class=\"wp-block-column is-layout-flow wp-block-column-is-layout-flow\"><\/div>\n\n\n\n<div class=\"wp-block-column is-layout-flow wp-block-column-is-layout-flow\"><\/div>\n<\/div>\n","protected":false},"excerpt":{"rendered":"<p>Schulen und Lehrer:innen sind eingeladen, die Reflexionsaufgaben aus www.digibe.ch zu nutzen. Die Feldphase des Forschungsprojekts ist abgeschlossen. Reflexive F\u00e4higkeiten sind im Berufswahlprozess zentral. Sie helfen, unterschiedliche Eindr\u00fccke zu verarbeiten, Ziele zu entwickeln und Entscheidungen vorzubereiten. Das ist in der heutigen Berufswelt, die durch tiefgreifende technologische oder sozio\u00f6konomische Entwicklungen gepr\u00e4gt ist, wichtiger denn je. Doch oft [&hellip;]<\/p>\n","protected":false},"author":1,"featured_media":0,"parent":0,"menu_order":0,"comment_status":"closed","ping_status":"closed","template":"","meta":{"footnotes":""},"class_list":["post-5","page","type-page","status-publish","hentry"],"jetpack_sharing_enabled":true,"_links":{"self":[{"href":"https:\/\/digibe.ch\/index.php\/wp-json\/wp\/v2\/pages\/5","targetHints":{"allow":["GET"]}}],"collection":[{"href":"https:\/\/digibe.ch\/index.php\/wp-json\/wp\/v2\/pages"}],"about":[{"href":"https:\/\/digibe.ch\/index.php\/wp-json\/wp\/v2\/types\/page"}],"author":[{"embeddable":true,"href":"https:\/\/digibe.ch\/index.php\/wp-json\/wp\/v2\/users\/1"}],"replies":[{"embeddable":true,"href":"https:\/\/digibe.ch\/index.php\/wp-json\/wp\/v2\/comments?post=5"}],"version-history":[{"count":34,"href":"https:\/\/digibe.ch\/index.php\/wp-json\/wp\/v2\/pages\/5\/revisions"}],"predecessor-version":[{"id":618,"href":"https:\/\/digibe.ch\/index.php\/wp-json\/wp\/v2\/pages\/5\/revisions\/618"}],"wp:attachment":[{"href":"https:\/\/digibe.ch\/index.php\/wp-json\/wp\/v2\/media?parent=5"}],"curies":[{"name":"wp","href":"https:\/\/api.w.org\/{rel}","templated":true}]}}